{"id":364,"date":"2018-04-23T23:22:23","date_gmt":"2018-04-24T03:22:23","guid":{"rendered":"https:\/\/highfive.sociationdev.com\/donate\/"},"modified":"2024-11-26T15:33:39","modified_gmt":"2024-11-26T20:33:39","slug":"dons","status":"publish","type":"page","link":"https:\/\/aiahighfivesforkids.ca\/fr\/dons\/","title":{"rendered":"DONS"},"content":{"rendered":"<p>Croyez-vous que chaque enfant et chaque jeune m\u00e9rite la possibilit\u00e9 de s\u2019\u00e9panouir? Chaque don fera la diff\u00e9rence. Nous vous invitons \u00e0 soutenir notre fondation de la fa\u00e7on la plus significative pour vous.<\/p>\n<ul>\n<li><a href=\"https:\/\/www.canadahelps.org\/CharityProfilePage.aspx?Language=fr&amp;CharityID=d95349\"><strong>Donnez en ligne<\/strong><\/a> ou communiquez avec nous pour faire un don par t\u00e9l\u00e9phone.<\/li>\n<li><strong>Dons mensuels\u00a0:<\/strong> soutenez notre fondation toute l\u2019ann\u00e9e.<\/li>\n<li><strong>Don comm\u00e9moratif\u00a0:<\/strong> honorez la m\u00e9moire d\u2019une personne ch\u00e8re en faisant un don \u00e0 sa m\u00e9moire.<\/li>\n<li><strong>Don en hommage\u00a0:<\/strong> faites un don en hommage \u00e0 une personne extraordinaire.<\/li>\n<\/ul>\n<h2>Dons en ligne<\/h2>\n<h4>CanaDon :<\/h4>\n<p>Cliquez sur le bouton ci-dessous pour faire un don par l\u2019interm\u00e9diaire de CanaDon. Votre don par carte de cr\u00e9dit sera s\u00e9curis\u00e9 par CanadaDon.<\/p>\n<p><a href=\"https:\/\/www.canadahelps.org\/CharityProfilePage.aspx?Language=fr&amp;CharityID=d95349\"><img decoding=\"async\" src=\"https:\/\/www.canadahelps.org\/image\/DonateNowLink\/fr\/Donate5.png\" alt=\"Faire un don maintenant par CanadaHelps.org!\" border=\"0\" \/><\/a><\/p>\n<h2>Les occasions sp\u00e9ciales de la vie<\/h2>\n<p>Nous serions honor\u00e9s de faire partie de votre occasion sp\u00e9ciale. Voici quelques fa\u00e7ons de nous aider \u00e0 aider les enfants et les jeunes du Canada.<\/p>\n<ul>\n<li><strong>Mariage\u00a0: <\/strong>les mari\u00e9s peuvent remplacer les cadeaux aux invit\u00e9s par un don \u00e0 la Fondation Un coup de main pour les enfants.<\/li>\n<li><strong>Anniversaire de naissance\u00a0: <\/strong>demandez \u00e0 vos amis et aux membres de votre famille de faire un don \u00e0 la fondation plut\u00f4t que de vous donner un pr\u00e9sent.<\/li>\n<li><strong>Autres occasions sp\u00e9ciales\u00a0<\/strong>: anniversaires, naissance, remerciement, cong\u00e9, f\u00e9licitations, convalescence, retraite, etc.<\/li>\n<\/ul>\n<p>Nous sommes heureux de vous aider \u00e0 faire un don lors de votre occasion sp\u00e9ciale! Appelez-nous au 1 800 808-2920, poste 2231.<input name=\"hosted_button_id\" type=\"hidden\" value=\"VSV6WMG6CTGCC\" \/><br \/>\n<img alt=\"\" width=\"1\" height=\"1\" border=\"0\" \/><\/p>\n","protected":false},"excerpt":{"rendered":"<p>Croyez-vous que chaque enfant et chaque jeune m\u00e9rite la possibilit\u00e9 de s\u2019\u00e9panouir? Chaque don fera la diff\u00e9rence. Nous vous invitons \u00e0 soutenir notre fondation de la fa\u00e7on la plus significative pour vous. Donnez en ligne ou communiquez avec nous pour faire un don par t\u00e9l\u00e9phone. Dons mensuels\u00a0: soutenez notre fondation toute l\u2019ann\u00e9e. Don comm\u00e9moratif\u00a0: honorez [&hellip;]<\/p>\n","protected":false},"author":2,"featured_media":0,"parent":0,"menu_order":0,"comment_status":"closed","ping_status":"open","template":"","meta":{"_acf_changed":false,"_genesis_hide_title":false,"_genesis_hide_breadcrumbs":false,"_genesis_hide_singular_image":false,"_genesis_hide_footer_widgets":false,"_genesis_custom_body_class":"","_genesis_custom_post_class":"","_genesis_layout":"","footnotes":""},"class_list":{"0":"post-364","1":"page","2":"type-page","3":"status-publish","5":"entry"},"acf":[],"yoast_head":"<!-- This site is optimized with the Yoast SEO plugin v24.4 - https:\/\/yoast.com\/wordpress\/plugins\/seo\/ -->\n<title>DONS - AIA High Fives For Kids Foundation<\/title>\n<meta name=\"robots\" content=\"index, follow, max-snippet:-1, max-image-preview:large, max-video-preview:-1\" \/>\n<link rel=\"canonical\" href=\"https:\/\/aiauncoupdemainpourlesenfants.com\/fr\/dons\/\" \/>\n<meta property=\"og:locale\" content=\"fr_FR\" \/>\n<meta property=\"og:type\" content=\"article\" \/>\n<meta property=\"og:title\" content=\"DONS - AIA High Fives For Kids Foundation\" \/>\n<meta property=\"og:description\" content=\"Croyez-vous que chaque enfant et chaque jeune m\u00e9rite la possibilit\u00e9 de s\u2019\u00e9panouir? Chaque don fera la diff\u00e9rence. Nous vous invitons \u00e0 soutenir notre fondation de la fa\u00e7on la plus significative pour vous. Donnez en ligne ou communiquez avec nous pour faire un don par t\u00e9l\u00e9phone. Dons mensuels\u00a0: soutenez notre fondation toute l\u2019ann\u00e9e. Don comm\u00e9moratif\u00a0: honorez [&hellip;]\" \/>\n<meta property=\"og:url\" content=\"https:\/\/aiauncoupdemainpourlesenfants.com\/fr\/dons\/\" \/>\n<meta property=\"og:site_name\" content=\"AIA High Fives For Kids Foundation\" \/>\n<meta property=\"article:modified_time\" content=\"2024-11-26T20:33:39+00:00\" \/>\n<meta property=\"og:image\" content=\"https:\/\/www.canadahelps.org\/image\/DonateNowLink\/fr\/Donate5.png\" \/>\n<meta name=\"twitter:card\" content=\"summary_large_image\" \/>\n<meta name=\"twitter:label1\" content=\"Dur\u00e9e de lecture estim\u00e9e\" \/>\n\t<meta name=\"twitter:data1\" content=\"2 minutes\" \/>\n<script type=\"application\/ld+json\" class=\"yoast-schema-graph\">{\"@context\":\"https:\/\/schema.org\",\"@graph\":[{\"@type\":\"WebPage\",\"@id\":\"https:\/\/aiauncoupdemainpourlesenfants.com\/fr\/dons\/\",\"url\":\"https:\/\/aiauncoupdemainpourlesenfants.com\/fr\/dons\/\",\"name\":\"DONS - AIA High Fives For Kids Foundation\",\"isPartOf\":{\"@id\":\"https:\/\/www.sitemaps.caf-fca.org\/fr\/#website\"},\"primaryImageOfPage\":{\"@id\":\"https:\/\/aiauncoupdemainpourlesenfants.com\/fr\/dons\/#primaryimage\"},\"image\":{\"@id\":\"https:\/\/aiauncoupdemainpourlesenfants.com\/fr\/dons\/#primaryimage\"},\"thumbnailUrl\":\"https:\/\/www.canadahelps.org\/image\/DonateNowLink\/fr\/Donate5.png\",\"datePublished\":\"2018-04-24T03:22:23+00:00\",\"dateModified\":\"2024-11-26T20:33:39+00:00\",\"breadcrumb\":{\"@id\":\"https:\/\/aiauncoupdemainpourlesenfants.com\/fr\/dons\/#breadcrumb\"},\"inLanguage\":\"fr-FR\",\"potentialAction\":[{\"@type\":\"ReadAction\",\"target\":[\"https:\/\/aiauncoupdemainpourlesenfants.com\/fr\/dons\/\"]}]},{\"@type\":\"ImageObject\",\"inLanguage\":\"fr-FR\",\"@id\":\"https:\/\/aiauncoupdemainpourlesenfants.com\/fr\/dons\/#primaryimage\",\"url\":\"https:\/\/www.canadahelps.org\/image\/DonateNowLink\/fr\/Donate5.png\",\"contentUrl\":\"https:\/\/www.canadahelps.org\/image\/DonateNowLink\/fr\/Donate5.png\"},{\"@type\":\"BreadcrumbList\",\"@id\":\"https:\/\/aiauncoupdemainpourlesenfants.com\/fr\/dons\/#breadcrumb\",\"itemListElement\":[{\"@type\":\"ListItem\",\"position\":1,\"name\":\"Home\",\"item\":\"https:\/\/www.sitemaps.caf-fca.org\/fr\/\"},{\"@type\":\"ListItem\",\"position\":2,\"name\":\"DONS\"}]},{\"@type\":\"WebSite\",\"@id\":\"https:\/\/www.sitemaps.caf-fca.org\/fr\/#website\",\"url\":\"https:\/\/www.sitemaps.caf-fca.org\/fr\/\",\"name\":\"AIA High Fives For Kids Foundation\",\"description\":\"\",\"potentialAction\":[{\"@type\":\"SearchAction\",\"target\":{\"@type\":\"EntryPoint\",\"urlTemplate\":\"https:\/\/www.sitemaps.caf-fca.org\/fr\/?s={search_term_string}\"},\"query-input\":{\"@type\":\"PropertyValueSpecification\",\"valueRequired\":true,\"valueName\":\"search_term_string\"}}],\"inLanguage\":\"fr-FR\"}]}<\/script>\n<!-- \/ Yoast SEO plugin. -->","yoast_head_json":{"title":"DONS - AIA High Fives For Kids Foundation","robots":{"index":"index","follow":"follow","max-snippet":"max-snippet:-1","max-image-preview":"max-image-preview:large","max-video-preview":"max-video-preview:-1"},"canonical":"https:\/\/aiauncoupdemainpourlesenfants.com\/fr\/dons\/","og_locale":"fr_FR","og_type":"article","og_title":"DONS - AIA High Fives For Kids Foundation","og_description":"Croyez-vous que chaque enfant et chaque jeune m\u00e9rite la possibilit\u00e9 de s\u2019\u00e9panouir? Chaque don fera la diff\u00e9rence. Nous vous invitons \u00e0 soutenir notre fondation de la fa\u00e7on la plus significative pour vous. Donnez en ligne ou communiquez avec nous pour faire un don par t\u00e9l\u00e9phone. Dons mensuels\u00a0: soutenez notre fondation toute l\u2019ann\u00e9e. Don comm\u00e9moratif\u00a0: honorez [&hellip;]","og_url":"https:\/\/aiauncoupdemainpourlesenfants.com\/fr\/dons\/","og_site_name":"AIA High Fives For Kids Foundation","article_modified_time":"2024-11-26T20:33:39+00:00","og_image":[{"url":"https:\/\/www.canadahelps.org\/image\/DonateNowLink\/fr\/Donate5.png","type":"","width":"","height":""}],"twitter_card":"summary_large_image","twitter_misc":{"Dur\u00e9e de lecture estim\u00e9e":"2 minutes"},"schema":{"@context":"https:\/\/schema.org","@graph":[{"@type":"WebPage","@id":"https:\/\/aiauncoupdemainpourlesenfants.com\/fr\/dons\/","url":"https:\/\/aiauncoupdemainpourlesenfants.com\/fr\/dons\/","name":"DONS - AIA High Fives For Kids Foundation","isPartOf":{"@id":"https:\/\/www.sitemaps.caf-fca.org\/fr\/#website"},"primaryImageOfPage":{"@id":"https:\/\/aiauncoupdemainpourlesenfants.com\/fr\/dons\/#primaryimage"},"image":{"@id":"https:\/\/aiauncoupdemainpourlesenfants.com\/fr\/dons\/#primaryimage"},"thumbnailUrl":"https:\/\/www.canadahelps.org\/image\/DonateNowLink\/fr\/Donate5.png","datePublished":"2018-04-24T03:22:23+00:00","dateModified":"2024-11-26T20:33:39+00:00","breadcrumb":{"@id":"https:\/\/aiauncoupdemainpourlesenfants.com\/fr\/dons\/#breadcrumb"},"inLanguage":"fr-FR","potentialAction":[{"@type":"ReadAction","target":["https:\/\/aiauncoupdemainpourlesenfants.com\/fr\/dons\/"]}]},{"@type":"ImageObject","inLanguage":"fr-FR","@id":"https:\/\/aiauncoupdemainpourlesenfants.com\/fr\/dons\/#primaryimage","url":"https:\/\/www.canadahelps.org\/image\/DonateNowLink\/fr\/Donate5.png","contentUrl":"https:\/\/www.canadahelps.org\/image\/DonateNowLink\/fr\/Donate5.png"},{"@type":"BreadcrumbList","@id":"https:\/\/aiauncoupdemainpourlesenfants.com\/fr\/dons\/#breadcrumb","itemListElement":[{"@type":"ListItem","position":1,"name":"Home","item":"https:\/\/www.sitemaps.caf-fca.org\/fr\/"},{"@type":"ListItem","position":2,"name":"DONS"}]},{"@type":"WebSite","@id":"https:\/\/www.sitemaps.caf-fca.org\/fr\/#website","url":"https:\/\/www.sitemaps.caf-fca.org\/fr\/","name":"AIA High Fives For Kids Foundation","description":"","potentialAction":[{"@type":"SearchAction","target":{"@type":"EntryPoint","urlTemplate":"https:\/\/www.sitemaps.caf-fca.org\/fr\/?s={search_term_string}"},"query-input":{"@type":"PropertyValueSpecification","valueRequired":true,"valueName":"search_term_string"}}],"inLanguage":"fr-FR"}]}},"_links":{"self":[{"href":"https:\/\/aiahighfivesforkids.ca\/fr\/wp-json\/wp\/v2\/pages\/364"}],"collection":[{"href":"https:\/\/aiahighfivesforkids.ca\/fr\/wp-json\/wp\/v2\/pages"}],"about":[{"href":"https:\/\/aiahighfivesforkids.ca\/fr\/wp-json\/wp\/v2\/types\/page"}],"author":[{"embeddable":true,"href":"https:\/\/aiahighfivesforkids.ca\/fr\/wp-json\/wp\/v2\/users\/2"}],"replies":[{"embeddable":true,"href":"https:\/\/aiahighfivesforkids.ca\/fr\/wp-json\/wp\/v2\/comments?post=364"}],"version-history":[{"count":20,"href":"https:\/\/aiahighfivesforkids.ca\/fr\/wp-json\/wp\/v2\/pages\/364\/revisions"}],"predecessor-version":[{"id":1344,"href":"https:\/\/aiahighfivesforkids.ca\/fr\/wp-json\/wp\/v2\/pages\/364\/revisions\/1344"}],"wp:attachment":[{"href":"https:\/\/aiahighfivesforkids.ca\/fr\/wp-json\/wp\/v2\/media?parent=364"}],"curies":[{"name":"wp","href":"https:\/\/api.w.org\/{rel}","templated":true}]}}