{"id":488,"date":"2018-05-29T10:46:01","date_gmt":"2018-05-29T14:46:01","guid":{"rendered":"https:\/\/highfive.sociationdev.com\/?page_id=488"},"modified":"2018-06-05T11:10:51","modified_gmt":"2018-06-05T15:10:51","slug":"directives-image-de-marque","status":"publish","type":"page","link":"https:\/\/aiahighfivesforkids.ca\/fr\/directives-image-de-marque\/","title":{"rendered":"DIRECTIVES &#8211; IMAGE DE MARQUE"},"content":{"rendered":"<p>Ce document a \u00e9t\u00e9 \u00e9labor\u00e9 dans le but de s\u2019assurer que tout le mat\u00e9riel de communication produit pour la marque Un coup de main pour les enfants comporte une coh\u00e9rence de pr\u00e9sentation et de caract\u00e9ristiques et appuie l\u2019image de marque globale. On y pr\u00e9cise les \u00e9l\u00e9ments graphiques et les grilles de configuration qui aideront les graphistes internes et externes \u00e0 cr\u00e9er un aspect uniforme pour la fondation, tout en laissant de la place pour la cr\u00e9ativit\u00e9 individuelle et les circonstances sp\u00e9ciales. Bien que ce guide pr\u00e9sente des directives g\u00e9n\u00e9rales, il ne peut anticiper chaque application graphique de notre marque. Si votre projet requiert un traitement graphique particulier ou une exception, veuillez vous adresser au service des communications pour discuter de vos besoins.<\/p>\n<h2>Promesse de la marque<\/h2>\n<p>Changeons de jeunes vies pour le mieux!<\/p>\n<h2>Positionnement de la marque<\/h2>\n<p>La fondation s\u2019engage \u00e0 cr\u00e9er un avenir plus radieux pour les enfants et les jeunes en leur fournissant les outils, les possibilit\u00e9s et le soutien dont ils ont besoin. Nous finan\u00e7ons des projets qui fournissent de la formation, de l\u2019\u00e9quipement, des exp\u00e9riences et de l\u2019assistance afin que les jeunes puissent r\u00e9aliser tout leur potentiel.<\/p>\n<h2>Logo<\/h2>\n<p>Le logo de la fondation se compose d\u2019un symbole multicolore repr\u00e9sentant une main et une feuille, typiquement assorti d\u2019un texte bilingue.<\/p>\n<p><a href=\"https:\/\/highfive.sociationdev.com\/wp-content\/uploads\/2018\/05\/H54Ks_LOGO-01.png\" target=\"_blank\" rel=\"noopener\"><img loading=\"lazy\" decoding=\"async\" class=\"aligncenter wp-image-299 size-medium\" src=\"https:\/\/highfive.sociationdev.com\/wp-content\/uploads\/2018\/05\/H54Ks_LOGO-01.png\" alt=\"\" width=\"300\" height=\"300\" srcset=\"https:\/\/aiahighfivesforkids.ca\/wp-content\/uploads\/2018\/05\/H54Ks_LOGO-01.png 4167w, https:\/\/aiahighfivesforkids.ca\/wp-content\/uploads\/2018\/05\/H54Ks_LOGO-01-300x300.png 300w, https:\/\/aiahighfivesforkids.ca\/wp-content\/uploads\/2018\/05\/H54Ks_LOGO-01-100x100.png 100w, https:\/\/aiahighfivesforkids.ca\/wp-content\/uploads\/2018\/05\/H54Ks_LOGO-01-600x600.png 600w, https:\/\/aiahighfivesforkids.ca\/wp-content\/uploads\/2018\/05\/H54Ks_LOGO-01-150x150.png 150w, https:\/\/aiahighfivesforkids.ca\/wp-content\/uploads\/2018\/05\/H54Ks_LOGO-01-768x768.png 768w, https:\/\/aiahighfivesforkids.ca\/wp-content\/uploads\/2018\/05\/H54Ks_LOGO-01-1024x1024.png 1024w\" sizes=\"(max-width: 300px) 100vw, 300px\" \/><\/a><\/p>\n<h2>Normes relatives au logo<\/h2>\n<p>Le logo de la fondation comporte trois versions officielles, chacune pouvant \u00eatre utilis\u00e9e en fonction du support et des besoins de communication.<\/p>\n<p><img loading=\"lazy\" decoding=\"async\" class=\"aligncenter wp-image-567 size-full\" src=\"https:\/\/highfive.sociationdev.com\/wp-content\/uploads\/2018\/06\/Logo-Standards-FR.png\" alt=\"\" width=\"882\" height=\"278\" srcset=\"https:\/\/aiahighfivesforkids.ca\/wp-content\/uploads\/2018\/06\/Logo-Standards-FR.png 882w, https:\/\/aiahighfivesforkids.ca\/wp-content\/uploads\/2018\/06\/Logo-Standards-FR-600x189.png 600w, https:\/\/aiahighfivesforkids.ca\/wp-content\/uploads\/2018\/06\/Logo-Standards-FR-300x95.png 300w, https:\/\/aiahighfivesforkids.ca\/wp-content\/uploads\/2018\/06\/Logo-Standards-FR-768x242.png 768w, https:\/\/aiahighfivesforkids.ca\/wp-content\/uploads\/2018\/06\/Logo-Standards-FR-148x47.png 148w, https:\/\/aiahighfivesforkids.ca\/wp-content\/uploads\/2018\/06\/Logo-Standards-FR-31x10.png 31w, https:\/\/aiahighfivesforkids.ca\/wp-content\/uploads\/2018\/06\/Logo-Standards-FR-38x12.png 38w, https:\/\/aiahighfivesforkids.ca\/wp-content\/uploads\/2018\/06\/Logo-Standards-FR-425x134.png 425w\" sizes=\"(max-width: 882px) 100vw, 882px\" \/><\/p>\n<p>Les libell\u00e9s fran\u00e7ais et anglais peuvent \u00eatre utilis\u00e9s s\u00e9par\u00e9ment, selon les besoins.<\/p>\n<p>Les r\u00e8gles suivantes s\u2019appliquent \u00e0 l\u2019utilisation du logo\u00a0:<\/p>\n<ul>\n<li>Utilisez toujours les fichiers \u00e9lectroniques fournis<\/li>\n<li>Ne changez jamais les couleurs du logo. S\u2019il est reproduit sur un fond de couleur uniforme, un trac\u00e9 de contour doit \u00eatre ajout\u00e9 ou il peut \u00eatre invers\u00e9 au blanc.<\/li>\n<li>Le logo ne doit pas \u00eatre reproduit sur une \u00e9chelle non proportionnelle, d\u00e9form\u00e9, d\u00e9structur\u00e9, plac\u00e9 \u00e0 angle ou modifi\u00e9 de quelque fa\u00e7on que ce soit.<\/li>\n<\/ul>\n<h2>Typographie<\/h2>\n<p>La principale police utilis\u00e9e pour le mat\u00e9riel de la fondation est GEOMETOS.<\/p>\n<h2>Palette de couleurs<\/h2>\n<p>Ce qu\u2019il faut savoir au sujet de la couleur dans un cadre num\u00e9rique\u00a0:<\/p>\n<ul>\n<li>CMYK est utilis\u00e9 pour l\u2019impression couleur. Si vous fournissez un fichier \u00e0 imprimer \u00e0 un imprimeur, assurez-vous que le fichier soumis comporte des couleurs CMYK.<\/li>\n<li>RGB est utilis\u00e9 pour le d\u00e9veloppement de sites Web et les documents num\u00e9riques.<\/li>\n<li>PMS (ou Pantone) est un nuancier de marque priv\u00e9e.<\/li>\n<\/ul>\n<p>Couleurs primaires de la marque\u00a0:<\/p>\n<p><img loading=\"lazy\" decoding=\"async\" class=\"aligncenter size-full wp-image-305\" src=\"https:\/\/highfive.sociationdev.com\/wp-content\/uploads\/2018\/05\/Colours.png\" alt=\"\" width=\"885\" height=\"240\" srcset=\"https:\/\/aiahighfivesforkids.ca\/wp-content\/uploads\/2018\/05\/Colours.png 885w, https:\/\/aiahighfivesforkids.ca\/wp-content\/uploads\/2018\/05\/Colours-600x163.png 600w, https:\/\/aiahighfivesforkids.ca\/wp-content\/uploads\/2018\/05\/Colours-300x81.png 300w, https:\/\/aiahighfivesforkids.ca\/wp-content\/uploads\/2018\/05\/Colours-768x208.png 768w\" sizes=\"(max-width: 885px) 100vw, 885px\" \/><\/p>\n<h2>Utilisation non conforme<\/h2>\n<p><strong>Conservez les proportions.<\/strong> Assurez-vous que le logo est redimensionn\u00e9 proportionnellement en tenant la touche Majuscule, dans la plupart des logiciels, pour maintenir les proportions lors d\u2019un changement d\u2019\u00e9chelle.<\/p>\n<p><img loading=\"lazy\" decoding=\"async\" class=\"aligncenter size-full wp-image-314\" src=\"https:\/\/highfive.sociationdev.com\/wp-content\/uploads\/2018\/05\/Proportions.png\" alt=\"\" width=\"885\" height=\"229\" srcset=\"https:\/\/aiahighfivesforkids.ca\/wp-content\/uploads\/2018\/05\/Proportions.png 885w, https:\/\/aiahighfivesforkids.ca\/wp-content\/uploads\/2018\/05\/Proportions-600x155.png 600w, https:\/\/aiahighfivesforkids.ca\/wp-content\/uploads\/2018\/05\/Proportions-300x78.png 300w, https:\/\/aiahighfivesforkids.ca\/wp-content\/uploads\/2018\/05\/Proportions-768x199.png 768w\" sizes=\"(max-width: 885px) 100vw, 885px\" \/><\/p>\n<p><strong>D\u00e9gagez le logo.<\/strong> Assurez-vous qu\u2019il y a assez d\u2019espace libre autour du logo pour permettre d\u2019identifier clairement notre marque. Cette directive s\u2019applique au texte, aux images et \u00e0 d\u2019autres logos d\u2019entreprise.<\/p>\n<p><img loading=\"lazy\" decoding=\"async\" class=\"aligncenter wp-image-569 size-full\" src=\"https:\/\/highfive.sociationdev.com\/wp-content\/uploads\/2018\/06\/Overcrowding-FR.png\" alt=\"\" width=\"885\" height=\"247\" srcset=\"https:\/\/aiahighfivesforkids.ca\/wp-content\/uploads\/2018\/06\/Overcrowding-FR.png 885w, https:\/\/aiahighfivesforkids.ca\/wp-content\/uploads\/2018\/06\/Overcrowding-FR-600x167.png 600w, https:\/\/aiahighfivesforkids.ca\/wp-content\/uploads\/2018\/06\/Overcrowding-FR-300x84.png 300w, https:\/\/aiahighfivesforkids.ca\/wp-content\/uploads\/2018\/06\/Overcrowding-FR-768x214.png 768w, https:\/\/aiahighfivesforkids.ca\/wp-content\/uploads\/2018\/06\/Overcrowding-FR-148x41.png 148w, https:\/\/aiahighfivesforkids.ca\/wp-content\/uploads\/2018\/06\/Overcrowding-FR-31x9.png 31w, https:\/\/aiahighfivesforkids.ca\/wp-content\/uploads\/2018\/06\/Overcrowding-FR-38x11.png 38w, https:\/\/aiahighfivesforkids.ca\/wp-content\/uploads\/2018\/06\/Overcrowding-FR-425x119.png 425w\" sizes=\"(max-width: 885px) 100vw, 885px\" \/><\/p>\n<p><strong>Ne changez pas les couleurs du logo.\u00a0<\/strong>Ne modifiez jamais la couleur de tout \u00e9l\u00e9ment du logo. Il est permis de tracer une petite ligne autour du logo pour en isoler le dessin.<\/p>\n<p><img loading=\"lazy\" decoding=\"async\" class=\"aligncenter size-full wp-image-310\" src=\"https:\/\/highfive.sociationdev.com\/wp-content\/uploads\/2018\/05\/Colouring.png\" alt=\"\" width=\"885\" height=\"217\" srcset=\"https:\/\/aiahighfivesforkids.ca\/wp-content\/uploads\/2018\/05\/Colouring.png 885w, https:\/\/aiahighfivesforkids.ca\/wp-content\/uploads\/2018\/05\/Colouring-600x147.png 600w, https:\/\/aiahighfivesforkids.ca\/wp-content\/uploads\/2018\/05\/Colouring-300x74.png 300w, https:\/\/aiahighfivesforkids.ca\/wp-content\/uploads\/2018\/05\/Colouring-768x188.png 768w\" sizes=\"(max-width: 885px) 100vw, 885px\" \/><\/p>\n<p><strong>Ne modifiez pas le logo n\u2019en retirez pas des \u00e9l\u00e9ments.<\/strong> Le symbole de la fondation doit demeurer entier et le libell\u00e9 doit \u00eatre soit en fran\u00e7ais et en anglais, soit dans l\u2019une des deux langues. Ne remplacez pas les polices \u2013 utilisez les fichiers sources seulement.<\/p>\n<p><img loading=\"lazy\" decoding=\"async\" class=\"aligncenter size-full wp-image-308\" src=\"https:\/\/highfive.sociationdev.com\/wp-content\/uploads\/2018\/05\/Altering.png\" alt=\"\" width=\"885\" height=\"200\" srcset=\"https:\/\/aiahighfivesforkids.ca\/wp-content\/uploads\/2018\/05\/Altering.png 885w, https:\/\/aiahighfivesforkids.ca\/wp-content\/uploads\/2018\/05\/Altering-600x136.png 600w, https:\/\/aiahighfivesforkids.ca\/wp-content\/uploads\/2018\/05\/Altering-300x68.png 300w, https:\/\/aiahighfivesforkids.ca\/wp-content\/uploads\/2018\/05\/Altering-768x174.png 768w\" sizes=\"(max-width: 885px) 100vw, 885px\" \/><\/p>\n<p><a href=\"\/wp-content\/uploads\/2018\/06\/H5S4Ks-Branding-Doc-FR-REV.pdf\" target=\"_blank\" rel=\"noopener\">T\u00e9l\u00e9chargez le guide relatif \u00e0 l\u2019image de marque ici.<\/a><\/p>\n","protected":false},"excerpt":{"rendered":"<p>Ce document a \u00e9t\u00e9 \u00e9labor\u00e9 dans le but de s\u2019assurer que tout le mat\u00e9riel de communication produit pour la marque Un coup de main pour les enfants comporte une coh\u00e9rence de pr\u00e9sentation et de caract\u00e9ristiques et appuie l\u2019image de marque globale. On y pr\u00e9cise les \u00e9l\u00e9ments graphiques et les grilles de configuration qui aideront les [&hellip;]<\/p>\n","protected":false},"author":2,"featured_media":296,"parent":0,"menu_order":0,"comment_status":"closed","ping_status":"closed","template":"","meta":{"_acf_changed":false,"_genesis_hide_title":false,"_genesis_hide_breadcrumbs":false,"_genesis_hide_singular_image":false,"_genesis_hide_footer_widgets":false,"_genesis_custom_body_class":"","_genesis_custom_post_class":"","_genesis_layout":"","footnotes":""},"class_list":{"0":"post-488","1":"page","2":"type-page","3":"status-publish","4":"has-post-thumbnail","6":"entry"},"acf":[],"yoast_head":"<!-- This site is optimized with the Yoast SEO plugin v24.4 - https:\/\/yoast.com\/wordpress\/plugins\/seo\/ -->\n<title>DIRECTIVES - IMAGE DE MARQUE - AIA High Fives For Kids Foundation<\/title>\n<meta name=\"robots\" content=\"index, follow, max-snippet:-1, max-image-preview:large, max-video-preview:-1\" \/>\n<link rel=\"canonical\" href=\"https:\/\/aiahighfivesforkids.ca\/fr\/directives-image-de-marque\/\" \/>\n<meta property=\"og:locale\" content=\"fr_FR\" \/>\n<meta property=\"og:type\" content=\"article\" \/>\n<meta property=\"og:title\" content=\"DIRECTIVES - IMAGE DE MARQUE - AIA High Fives For Kids Foundation\" \/>\n<meta property=\"og:description\" content=\"Ce document a \u00e9t\u00e9 \u00e9labor\u00e9 dans le but de s\u2019assurer que tout le mat\u00e9riel de communication produit pour la marque Un coup de main pour les enfants comporte une coh\u00e9rence de pr\u00e9sentation et de caract\u00e9ristiques et appuie l\u2019image de marque globale. On y pr\u00e9cise les \u00e9l\u00e9ments graphiques et les grilles de configuration qui aideront les [&hellip;]\" \/>\n<meta property=\"og:url\" content=\"https:\/\/aiahighfivesforkids.ca\/fr\/directives-image-de-marque\/\" \/>\n<meta property=\"og:site_name\" content=\"AIA High Fives For Kids Foundation\" \/>\n<meta property=\"article:modified_time\" content=\"2018-06-05T15:10:51+00:00\" \/>\n<meta property=\"og:image\" content=\"https:\/\/aiahighfivesforkids.ca\/wp-content\/uploads\/2018\/05\/HIGH5-Cape-Kids.jpg\" \/>\n\t<meta property=\"og:image:width\" content=\"2000\" \/>\n\t<meta property=\"og:image:height\" content=\"800\" \/>\n\t<meta property=\"og:image:type\" content=\"image\/jpeg\" \/>\n<meta name=\"twitter:card\" content=\"summary_large_image\" \/>\n<meta name=\"twitter:label1\" content=\"Dur\u00e9e de lecture estim\u00e9e\" \/>\n\t<meta name=\"twitter:data1\" content=\"3 minutes\" \/>\n<script type=\"application\/ld+json\" class=\"yoast-schema-graph\">{\"@context\":\"https:\/\/schema.org\",\"@graph\":[{\"@type\":\"WebPage\",\"@id\":\"https:\/\/aiahighfivesforkids.ca\/fr\/directives-image-de-marque\/\",\"url\":\"https:\/\/aiahighfivesforkids.ca\/fr\/directives-image-de-marque\/\",\"name\":\"DIRECTIVES - IMAGE DE MARQUE - AIA High Fives For Kids Foundation\",\"isPartOf\":{\"@id\":\"https:\/\/www.uncoupdemainpourlesenfants.com\/en\/#website\"},\"primaryImageOfPage\":{\"@id\":\"https:\/\/aiahighfivesforkids.ca\/fr\/directives-image-de-marque\/#primaryimage\"},\"image\":{\"@id\":\"https:\/\/aiahighfivesforkids.ca\/fr\/directives-image-de-marque\/#primaryimage\"},\"thumbnailUrl\":\"https:\/\/aiahighfivesforkids.ca\/wp-content\/uploads\/2018\/05\/HIGH5-Cape-Kids.jpg\",\"datePublished\":\"2018-05-29T14:46:01+00:00\",\"dateModified\":\"2018-06-05T15:10:51+00:00\",\"breadcrumb\":{\"@id\":\"https:\/\/aiahighfivesforkids.ca\/fr\/directives-image-de-marque\/#breadcrumb\"},\"inLanguage\":\"fr-FR\",\"potentialAction\":[{\"@type\":\"ReadAction\",\"target\":[\"https:\/\/aiahighfivesforkids.ca\/fr\/directives-image-de-marque\/\"]}]},{\"@type\":\"ImageObject\",\"inLanguage\":\"fr-FR\",\"@id\":\"https:\/\/aiahighfivesforkids.ca\/fr\/directives-image-de-marque\/#primaryimage\",\"url\":\"https:\/\/aiahighfivesforkids.ca\/wp-content\/uploads\/2018\/05\/HIGH5-Cape-Kids.jpg\",\"contentUrl\":\"https:\/\/aiahighfivesforkids.ca\/wp-content\/uploads\/2018\/05\/HIGH5-Cape-Kids.jpg\",\"width\":2000,\"height\":800},{\"@type\":\"BreadcrumbList\",\"@id\":\"https:\/\/aiahighfivesforkids.ca\/fr\/directives-image-de-marque\/#breadcrumb\",\"itemListElement\":[{\"@type\":\"ListItem\",\"position\":1,\"name\":\"Home\",\"item\":\"https:\/\/www.uncoupdemainpourlesenfants.com\/en\/\"},{\"@type\":\"ListItem\",\"position\":2,\"name\":\"DIRECTIVES &#8211; IMAGE DE MARQUE\"}]},{\"@type\":\"WebSite\",\"@id\":\"https:\/\/www.uncoupdemainpourlesenfants.com\/en\/#website\",\"url\":\"https:\/\/www.uncoupdemainpourlesenfants.com\/en\/\",\"name\":\"AIA High Fives For Kids Foundation\",\"description\":\"\",\"potentialAction\":[{\"@type\":\"SearchAction\",\"target\":{\"@type\":\"EntryPoint\",\"urlTemplate\":\"https:\/\/www.uncoupdemainpourlesenfants.com\/en\/?s={search_term_string}\"},\"query-input\":{\"@type\":\"PropertyValueSpecification\",\"valueRequired\":true,\"valueName\":\"search_term_string\"}}],\"inLanguage\":\"fr-FR\"}]}<\/script>\n<!-- \/ Yoast SEO plugin. -->","yoast_head_json":{"title":"DIRECTIVES - IMAGE DE MARQUE - AIA High Fives For Kids Foundation","robots":{"index":"index","follow":"follow","max-snippet":"max-snippet:-1","max-image-preview":"max-image-preview:large","max-video-preview":"max-video-preview:-1"},"canonical":"https:\/\/aiahighfivesforkids.ca\/fr\/directives-image-de-marque\/","og_locale":"fr_FR","og_type":"article","og_title":"DIRECTIVES - IMAGE DE MARQUE - AIA High Fives For Kids Foundation","og_description":"Ce document a \u00e9t\u00e9 \u00e9labor\u00e9 dans le but de s\u2019assurer que tout le mat\u00e9riel de communication produit pour la marque Un coup de main pour les enfants comporte une coh\u00e9rence de pr\u00e9sentation et de caract\u00e9ristiques et appuie l\u2019image de marque globale. On y pr\u00e9cise les \u00e9l\u00e9ments graphiques et les grilles de configuration qui aideront les [&hellip;]","og_url":"https:\/\/aiahighfivesforkids.ca\/fr\/directives-image-de-marque\/","og_site_name":"AIA High Fives For Kids Foundation","article_modified_time":"2018-06-05T15:10:51+00:00","og_image":[{"width":2000,"height":800,"url":"https:\/\/aiahighfivesforkids.ca\/wp-content\/uploads\/2018\/05\/HIGH5-Cape-Kids.jpg","type":"image\/jpeg"}],"twitter_card":"summary_large_image","twitter_misc":{"Dur\u00e9e de lecture estim\u00e9e":"3 minutes"},"schema":{"@context":"https:\/\/schema.org","@graph":[{"@type":"WebPage","@id":"https:\/\/aiahighfivesforkids.ca\/fr\/directives-image-de-marque\/","url":"https:\/\/aiahighfivesforkids.ca\/fr\/directives-image-de-marque\/","name":"DIRECTIVES - IMAGE DE MARQUE - AIA High Fives For Kids Foundation","isPartOf":{"@id":"https:\/\/www.uncoupdemainpourlesenfants.com\/en\/#website"},"primaryImageOfPage":{"@id":"https:\/\/aiahighfivesforkids.ca\/fr\/directives-image-de-marque\/#primaryimage"},"image":{"@id":"https:\/\/aiahighfivesforkids.ca\/fr\/directives-image-de-marque\/#primaryimage"},"thumbnailUrl":"https:\/\/aiahighfivesforkids.ca\/wp-content\/uploads\/2018\/05\/HIGH5-Cape-Kids.jpg","datePublished":"2018-05-29T14:46:01+00:00","dateModified":"2018-06-05T15:10:51+00:00","breadcrumb":{"@id":"https:\/\/aiahighfivesforkids.ca\/fr\/directives-image-de-marque\/#breadcrumb"},"inLanguage":"fr-FR","potentialAction":[{"@type":"ReadAction","target":["https:\/\/aiahighfivesforkids.ca\/fr\/directives-image-de-marque\/"]}]},{"@type":"ImageObject","inLanguage":"fr-FR","@id":"https:\/\/aiahighfivesforkids.ca\/fr\/directives-image-de-marque\/#primaryimage","url":"https:\/\/aiahighfivesforkids.ca\/wp-content\/uploads\/2018\/05\/HIGH5-Cape-Kids.jpg","contentUrl":"https:\/\/aiahighfivesforkids.ca\/wp-content\/uploads\/2018\/05\/HIGH5-Cape-Kids.jpg","width":2000,"height":800},{"@type":"BreadcrumbList","@id":"https:\/\/aiahighfivesforkids.ca\/fr\/directives-image-de-marque\/#breadcrumb","itemListElement":[{"@type":"ListItem","position":1,"name":"Home","item":"https:\/\/www.uncoupdemainpourlesenfants.com\/en\/"},{"@type":"ListItem","position":2,"name":"DIRECTIVES &#8211; IMAGE DE MARQUE"}]},{"@type":"WebSite","@id":"https:\/\/www.uncoupdemainpourlesenfants.com\/en\/#website","url":"https:\/\/www.uncoupdemainpourlesenfants.com\/en\/","name":"AIA High Fives For Kids Foundation","description":"","potentialAction":[{"@type":"SearchAction","target":{"@type":"EntryPoint","urlTemplate":"https:\/\/www.uncoupdemainpourlesenfants.com\/en\/?s={search_term_string}"},"query-input":{"@type":"PropertyValueSpecification","valueRequired":true,"valueName":"search_term_string"}}],"inLanguage":"fr-FR"}]}},"_links":{"self":[{"href":"https:\/\/aiahighfivesforkids.ca\/fr\/wp-json\/wp\/v2\/pages\/488"}],"collection":[{"href":"https:\/\/aiahighfivesforkids.ca\/fr\/wp-json\/wp\/v2\/pages"}],"about":[{"href":"https:\/\/aiahighfivesforkids.ca\/fr\/wp-json\/wp\/v2\/types\/page"}],"author":[{"embeddable":true,"href":"https:\/\/aiahighfivesforkids.ca\/fr\/wp-json\/wp\/v2\/users\/2"}],"replies":[{"embeddable":true,"href":"https:\/\/aiahighfivesforkids.ca\/fr\/wp-json\/wp\/v2\/comments?post=488"}],"version-history":[{"count":5,"href":"https:\/\/aiahighfivesforkids.ca\/fr\/wp-json\/wp\/v2\/pages\/488\/revisions"}],"predecessor-version":[{"id":572,"href":"https:\/\/aiahighfivesforkids.ca\/fr\/wp-json\/wp\/v2\/pages\/488\/revisions\/572"}],"wp:featuredmedia":[{"embeddable":true,"href":"https:\/\/aiahighfivesforkids.ca\/fr\/wp-json\/wp\/v2\/media\/296"}],"wp:attachment":[{"href":"https:\/\/aiahighfivesforkids.ca\/fr\/wp-json\/wp\/v2\/media?parent=488"}],"curies":[{"name":"wp","href":"https:\/\/api.w.org\/{rel}","templated":true}]}}