{"id":498,"date":"2018-05-29T11:02:15","date_gmt":"2018-05-29T15:02:15","guid":{"rendered":"https:\/\/highfive.sociationdev.com\/?page_id=498"},"modified":"2024-09-23T09:02:41","modified_gmt":"2024-09-23T13:02:41","slug":"subventions","status":"publish","type":"page","link":"https:\/\/aiahighfivesforkids.ca\/fr\/subventions\/","title":{"rendered":"SUBVENTIONS"},"content":{"rendered":"<p>Gr\u00e2ce \u00e0 nos divisions locales, nous rejoignons directement les collectivit\u00e9s et leur offrons de l\u2019aide l\u00e0 o\u00f9 c\u2019est n\u00e9cessaire. Sous l\u2019\u00e9gide de membres de l\u2019AIA Canada, la fondation organise plusieurs campagnes de collecte de dons procurant des fonds \u00e0 de plus petits organismes qui pourraient \u00eatre autrement n\u00e9glig\u00e9s.<\/p>\n<p>Nous mettons tout en \u0153uvre pour rendre le processus d\u2019attribution de subventions syst\u00e9matique, rigoureux et le plus simple possible. Voici les quatre angles de notre approche les plus importants que vous devez conna\u00eetre, ainsi que les liens vers des d\u00e9tails pertinents.<\/p>\n<ol>\n<li><strong> Les demandes de fonds doivent \u00eatre parrain\u00e9es par des membres de l\u2019AIA Canada.<\/strong><\/li>\n<li>Nous finan\u00e7ons uniquement des projets effectu\u00e9s par des organismes de bienfaisance enregistr\u00e9s au Canada.<\/li>\n<li>Nous \u00e9valuons les demandes de financement \u00e0 <u>des moments pr\u00e9cis au cours de l\u2019ann\u00e9e<\/u> (voir les p\u00e9riodes de financement).<\/li>\n<li>Le formulaire de demande doit \u00eatre rempli en ligne.<\/li>\n<\/ol>\n<h2>P\u00e9riodes de financement<\/h2>\n<p>La fondation vous invite \u00e0 pr\u00e9senter votre demande au moyen d\u2019un formulaire en ligne*. La fondation a deux p\u00e9riodes d\u2019attribution de subventions par ann\u00e9e. Les demandes doivent \u00eatre pr\u00e9sent\u00e9es au plus tard le <strong><span style=\"color: #ff0000;\">15 f\u00e9vrier<\/span><\/strong> afin d\u2019\u00eatre consid\u00e9r\u00e9es pour la saison du printemps et le <span style=\"color: #ff0000;\"><strong>15\u00a0<\/strong><\/span><span style=\"color: #ff0000;\"><strong><span lang=\"fr\" style=\"font-family: georgia, palatino, serif;\" tabindex=\"0\">septembre<\/span><\/strong><\/span>\u00a0pour la saison d&rsquo;automne. Si la date limite tombe un samedi, un dimanche ou une journ\u00e9e de cong\u00e9 f\u00e9ri\u00e9 canadien, la date limite passe au jour ouvrable suivant.<\/p>\n<h2>Processus d\u2019attribution de subventions<\/h2>\n<h4>Crit\u00e8res du programme de subventions**<\/h4>\n<p>La Fondation Un coup de main pour les enfants de l\u2019AIA est un organisme de charit\u00e9 sans but lucratif canadien reconnu par l\u2019Agence du revenu du Canada. La fondation recueille des fonds pour ses activit\u00e9s en s\u2019adressant \u00e0 des institutions, fondations et des personnes du secteur priv\u00e9, y compris des membres de l\u2019Association des industries de l\u2019automobile (AIA) du Canada.<\/p>\n<p>Comme elle est ax\u00e9e sur les enfants et les jeunes, la fondation est engag\u00e9e \u00e0 leur assurer un meilleur avenir en leur donnant les outils, les possibilit\u00e9s et le soutien dont ils ont besoin.<\/p>\n<p>La fondation accepte les demandes de financement d\u2019organismes de bienfaisance enregistr\u00e9s au Canada. Nous savons que le partenariat avec des membres de l\u2019AIA permet d\u2019obtenir un meilleur impact et c\u2019est pour cette raison que nous incitons ces organismes admissibles \u00e0 communiquer avec un membre du march\u00e9 secondaire de l\u2019automobile pour faire valoir leur cause.<\/p>\n<p>Pri\u00e8re de lire attentivement les crit\u00e8res suivants avant de pr\u00e9senter une demande.<\/p>\n<h4>Crit\u00e8res consid\u00e9r\u00e9s<\/h4>\n<p>Dans le cadre de l\u2019\u00e9valuation d\u2019une demande de financement, la fondation tient compte des obstacles sociaux et \u00e9conomiques auxquels les personnes aid\u00e9es par l\u2019organisme sont confront\u00e9es. Afin de g\u00e9rer l\u2019augmentation des demandes et d\u2019assurer une distribution \u00e9quitable des fonds, les crit\u00e8res de s\u00e9lection suivants s\u2019appliquent\u00a0:<\/p>\n<ul>\n<li>Les demandes de subvention sont accept\u00e9es de la part d\u2019organismes de bienfaisance \u0153uvrant pour le mieux-\u00eatre des enfants et des jeunes au Canada.<\/li>\n<li>Selon les ressources disponibles, les requ\u00e9rants pr\u00e9sentant une premi\u00e8re demande recevront la priorit\u00e9 dans l\u2019ordre d\u2019attribution des subventions.<\/li>\n<li>Les requ\u00e9rants pr\u00e9sentant une demande subs\u00e9quente seront consid\u00e9r\u00e9s individuellement, selon les fonds disponibles. Aucune garantie n\u2019est donn\u00e9e quant \u00e0 l\u2019attribution annuelle de fonds.<\/li>\n<li>Le conseil d\u2019administration voit d\u2019un \u0153il favorable les organismes proactifs en mesure de nous fournir des renseignements au sujet d\u2019autres initiatives de financement, des sommes recueillies \u00e0 ce jour, des demandes pr\u00e9sent\u00e9es \u00e0 d\u2019autres organismes et des succ\u00e8s ant\u00e9rieurs. Il faut \u00eatre le plus pr\u00e9cis possible quant \u00e0 la fa\u00e7on dont les fonds aident les enfants et les jeunes de votre r\u00e9gion.<\/li>\n<\/ul>\n<h4>Nous finan\u00e7ons les organismes admissibles qui\u00a0:<\/h4>\n<ul>\n<li>ont obtenu le statut d\u2019organisme de bienfaisance conf\u00e9r\u00e9 par l\u2019Agence du revenu du Canada; votre num\u00e9ro d\u2019enregistrement doit \u00eatre fourni.<\/li>\n<li>interviennent aupr\u00e8s d\u2019enfants et de jeunes au Canada.<\/li>\n<li>rendent des services sans faire de discrimination.<\/li>\n<li>font preuve de responsabilit\u00e9 en mati\u00e8re de finances et de gestion, d\u00e9tiennent des capacit\u00e9s en comptabilit\u00e9 et d\u00e9montrent un besoin financier.<\/li>\n<\/ul>\n<h4>Nous n\u2019accordons pas de fonds\u00a0:<\/h4>\n<ul>\n<li>aux particuliers<\/li>\n<li>pour des cong\u00e9s sabbatiques ou des \u00e9changes d\u2019\u00e9tudiants ou d\u2019\u00e9tudiantes<\/li>\n<li>pour \u00e9ponger des d\u00e9ficits d\u2019exploitation ou de capital<\/li>\n<li>pour financer les d\u00e9penses courantes d\u2019exploitation<\/li>\n<li>pour des d\u00e9penses r\u00e9troactives<\/li>\n<li>pour des campagnes de dotation<\/li>\n<li>pour des engagements pluriannuels<\/li>\n<li>pour des activit\u00e9s favorisant principalement l\u2019adh\u00e9sion \u00e0 des organismes religieux ou leurs missions<\/li>\n<li>aux organisations politiques ou pour des initiatives de promotion<\/li>\n<\/ul>\n<h4>Autres consid\u00e9rations\u00a0:<\/h4>\n<ul>\n<li>Les subventions sont accord\u00e9es \u00e0 des fins pr\u00e9cises et pour des projets d\u2019une dur\u00e9e d\u00e9termin\u00e9e.<\/li>\n<li>Toutes les demandes admissibles sont consid\u00e9r\u00e9es au m\u00e9rite et en fonction des fonds disponibles.<\/li>\n<li>L\u2019historique du requ\u00e9rant est pass\u00e9 en revue.<\/li>\n<li>Les demandes multiples pr\u00e9sent\u00e9es par un organisme ne seront pas consid\u00e9r\u00e9es dans le m\u00eame processus d\u2019attribution de subventions.<\/li>\n<li>Les demandes de subvention sont \u00e9valu\u00e9es sans discrimination fond\u00e9e sur le genre, l\u2019ethnicit\u00e9, l\u2019\u00e2ge, l\u2019orientation sexuelle, les croyances religieuses ou l\u2019invalidit\u00e9.<\/li>\n<li>De m\u00eame, le conseil d\u2019administration acceptera uniquement des demandes pr\u00e9sent\u00e9es par des organismes et visant des projets qui sont sans discrimination fond\u00e9e sur le genre, l\u2019ethnicit\u00e9, l\u2019\u00e2ge, l\u2019orientation sexuelle, les croyances religieuses ou l\u2019invalidit\u00e9.<\/li>\n<\/ul>\n<h4>Reddition de comptes\u00a0:<\/h4>\n<p>Sur le plan de la reddition de comptes, le conseil d\u2019administration effectuera un examen appropri\u00e9 aupr\u00e8s de chaque organisme b\u00e9n\u00e9ficiaire afin d\u2019assurer la conformit\u00e9 aux conditions d\u2019attribution de la subvention et d\u2019\u00e9valuer l\u2019incidence de la subvention sur la r\u00e9alisation des objectifs du projet.<\/p>\n<p>De plus, pour nous aider \u00e0 \u00e9valuer notre propre succ\u00e8s sur la r\u00e9alisation de la mission de la fondation, nous souhaitons savoir comment notre soutien vous a aid\u00e9 \u00e0 poursuivre vos objectifs. \u00c0 cette fin, nous demandons aux b\u00e9n\u00e9ficiaires d\u2019une subvention de la fondation de pr\u00e9senter un bref compte rendu lorsque leur projet est termin\u00e9.<\/p>\n<p>Nous souhaitons particuli\u00e8rement savoir\u00a0:<\/p>\n<ul>\n<li>si vous avez atteint les objectifs de votre projet que vous aviez pr\u00e9sent\u00e9s dans votre demande initiale et les moyens que vous avez utilis\u00e9s pour \u00e9valuer son succ\u00e8s.<\/li>\n<li>les r\u00e9sultats de votre projet en nous donnant des exemples pr\u00e9cis.<\/li>\n<li>l\u2019impact de votre projet sur la vie des enfants et des jeunes de votre r\u00e9gion.<\/li>\n<\/ul>\n<h4>Distribution de subventions\u00a0:<\/h4>\n<ul>\n<li>Apr\u00e8s r\u00e9ception de la demande remplie, si elle est approuv\u00e9e par le conseil d\u2019administration de la fondation, un ch\u00e8que sera transmis \u00e0 l\u2019organisme.<\/li>\n<li>La fondation versera les fonds uniquement \u00e0 un organisme de bienfaisance qui a un compte ouvert dans un \u00e9tablissement bancaire reconnu. Une v\u00e9rification pourrait \u00eatre requise.<\/li>\n<li>Pri\u00e8re de conserver une photocopie de la demande pour vos dossiers.<\/li>\n<li>Pri\u00e8re de pr\u00e9voir un minimum de 15 jours ouvrables pour l\u2019\u00e9valuation de la demande; le d\u00e9lai de traitement variera selon la disponibilit\u00e9 des fonds.<\/li>\n<\/ul>\n<p><span style=\"color: #ff0000;\"><strong><em>Veuillez noter qu\u2019il pourrait y avoir des retards possibles dans le processus d\u2019approbation des demandes de fonds du cycle 2. Vous serez inform\u00e9s du statut de la demande et de tout retard par courriel.<\/em><\/strong><\/span><\/p>\n<h4>Attentes envers les b\u00e9n\u00e9ficiaires d\u2019une subvention\u00a0:<\/h4>\n<p>Il sera demand\u00e9 aux organismes recevant une subvention de la fondation de fournir ce qui suit\u00a0:<\/p>\n<ul>\n<li>Si possible, des photographies des participants du programme que nous pouvons diffuser \u00e0 nos parties prenantes\u00a0par : site Web, m\u00e9dias sociaux et imprim\u00e9s concernant notre programme de subventions.<\/li>\n<li>Si possible, des t\u00e9moignages de participants, enseignants, dirigeants et parents que nous pourrions partager avec nos parties prenantes par\u00a0: site Web, m\u00e9dias sociaux et imprim\u00e9s concernant notre programme de subventions.<\/li>\n<li>Une liste d\u2019exemples d\u00e9montrant comment la fondation a \u00e9t\u00e9 reconnue pour le programme.<\/li>\n<\/ul>\n<h4>Pr\u00e9sentation et approbation d\u2019une demande\u00a0:<\/h4>\n<ul>\n<li>Votre demande remplie en ligne constitue la seule fa\u00e7on pour nous de comprendre pleinement vos besoins. Pri\u00e8re de veiller \u00e0 ce que toutes les sections soient bien remplies pour maximiser l\u2019impact de votre demande. Elle sera soumise par voie \u00e9lectronique une fois que vous l\u2019aurez remplie.<\/li>\n<li>Un avis de l\u2019\u00e9tat de la demande sera transmis au requ\u00e9rant d\u00e8s qu\u2019une d\u00e9cision est rendue.<\/li>\n<li>Les fonds doivent \u00eatre utilis\u00e9s pour le m\u00eame objectif sur lequel l\u2019approbation de la subvention a \u00e9t\u00e9 bas\u00e9e; aucune partie de la subvention ne peut \u00eatre transf\u00e9r\u00e9e \u00e0 un tiers.<\/li>\n<li>La fondation se r\u00e9serve le droit de demander une preuve d\u2019ex\u00e9cution afin de s\u2019assurer que les fonds ont \u00e9t\u00e9 utilis\u00e9s en fonction de l\u2019approbation telle qu\u2019accord\u00e9e.<\/li>\n<\/ul>\n<h4><span style=\"color: #e5215e;\">\u00c0 noter \u2013 Les demandes de dons sont accept\u00e9es uniquement pendant les p\u00e9riodes pr\u00e9vues de pr\u00e9sentation de demandes; nous n\u2019acceptons pas de propositions non sollicit\u00e9es hors de ces p\u00e9riodes.<\/span><\/h4>\n<p><!--\n\n\n<h4><span style=\"color: #e5215e;\">La prochaine p\u00e9riode de pr\u00e9sentation de demandes d\u00e9butera en juillet 2021. Pri\u00e8re de revenir \u00e0 ce moment!<\/span><\/h4>\n\n\n--><\/p>\n<h4><span style=\"color: #e5215e;\">Pour obtenir de plus amples renseignements au sujet de la fondation, pri\u00e8re de visiter le site Web ou de communiquer avec Didina Kyenge au 613-728-5821, poste 231.<\/span><\/h4>\n<h4><a href=\"https:\/\/aiahighfivesforkids.ca\/fr\/demande-de-financement\/\"><img loading=\"lazy\" decoding=\"async\" class=\"alignnone wp-image-662\" src=\"https:\/\/aiahighfivesforkids.ca\/wp-content\/uploads\/2018\/07\/H5s4ks_btn_FR.png\" alt=\"\" width=\"200\" height=\"80\" srcset=\"https:\/\/aiahighfivesforkids.ca\/wp-content\/uploads\/2018\/07\/H5s4ks_btn_FR.png 500w, https:\/\/aiahighfivesforkids.ca\/wp-content\/uploads\/2018\/07\/H5s4ks_btn_FR-300x120.png 300w\" sizes=\"(max-width: 200px) 100vw, 200px\" \/><\/a><\/h4>\n<h4>Vie priv\u00e9e et confidentialit\u00e9 :<\/h4>\n<p>La fondation respecte votre vie priv\u00e9e. Jamais nous ne vendons, louons ou \u00e9changeons vos renseignements personnels \u00e0 toute autre organisation. Les renseignements personnels fournis dans votre demande seront recueillis aux fins de l\u2019administration du programme de subventions de la fondation.<\/p>\n<p>Toute question au sujet de la pr\u00e9paration de la demande peut \u00eatre adress\u00e9e \u00e0\u00a0:<\/p>\n<div>Rosa Azizi<\/div>\n<div>(800) 808.2920 ext 2224<\/div>\n<div><a href=\"mailto:scholarships@aiacanada.com\">scholarships@aiacanada.com<\/a><\/div>\n<p>&nbsp;<\/p>\n<p>Note\u00a0: Un courriel accusant r\u00e9ception de votre demande sera transmis au responsable que vous aurez indiqu\u00e9.<br \/>\n**La fondation se r\u00e9serve le droit de changer ou de modifier ces crit\u00e8res au cas par cas.<\/p>\n","protected":false},"excerpt":{"rendered":"<p>Gr\u00e2ce \u00e0 nos divisions locales, nous rejoignons directement les collectivit\u00e9s et leur offrons de l\u2019aide l\u00e0 o\u00f9 c\u2019est n\u00e9cessaire. Sous l\u2019\u00e9gide de membres de l\u2019AIA Canada, la fondation organise plusieurs campagnes de collecte de dons procurant des fonds \u00e0 de plus petits organismes qui pourraient \u00eatre autrement n\u00e9glig\u00e9s. Nous mettons tout en \u0153uvre pour rendre [&hellip;]<\/p>\n","protected":false},"author":2,"featured_media":336,"parent":0,"menu_order":0,"comment_status":"closed","ping_status":"closed","template":"","meta":{"_acf_changed":false,"_genesis_hide_title":false,"_genesis_hide_breadcrumbs":false,"_genesis_hide_singular_image":false,"_genesis_hide_footer_widgets":false,"_genesis_custom_body_class":"","_genesis_custom_post_class":"","_genesis_layout":"","footnotes":""},"class_list":{"0":"post-498","1":"page","2":"type-page","3":"status-publish","4":"has-post-thumbnail","6":"entry"},"acf":[],"yoast_head":"<!-- This site is optimized with the Yoast SEO plugin v24.4 - https:\/\/yoast.com\/wordpress\/plugins\/seo\/ -->\n<title>SUBVENTIONS - AIA High Fives For Kids Foundation<\/title>\n<meta name=\"robots\" content=\"index, follow, max-snippet:-1, max-image-preview:large, max-video-preview:-1\" \/>\n<link rel=\"canonical\" href=\"https:\/\/www.sitemap.caf-fca.org\/fr\/subventions\/\" \/>\n<meta property=\"og:locale\" content=\"fr_FR\" \/>\n<meta property=\"og:type\" content=\"article\" \/>\n<meta property=\"og:title\" content=\"SUBVENTIONS - AIA High Fives For Kids Foundation\" \/>\n<meta property=\"og:description\" content=\"Gr\u00e2ce \u00e0 nos divisions locales, nous rejoignons directement les collectivit\u00e9s et leur offrons de l\u2019aide l\u00e0 o\u00f9 c\u2019est n\u00e9cessaire. Sous l\u2019\u00e9gide de membres de l\u2019AIA Canada, la fondation organise plusieurs campagnes de collecte de dons procurant des fonds \u00e0 de plus petits organismes qui pourraient \u00eatre autrement n\u00e9glig\u00e9s. Nous mettons tout en \u0153uvre pour rendre [&hellip;]\" \/>\n<meta property=\"og:url\" content=\"https:\/\/www.sitemap.caf-fca.org\/fr\/subventions\/\" \/>\n<meta property=\"og:site_name\" content=\"AIA High Fives For Kids Foundation\" \/>\n<meta property=\"article:modified_time\" content=\"2024-09-23T13:02:41+00:00\" \/>\n<meta property=\"og:image\" content=\"https:\/\/www.sitemap.caf-fca.org\/wp-content\/uploads\/2018\/05\/HIGH5-Lawn-Kids.jpg\" \/>\n\t<meta property=\"og:image:width\" content=\"2000\" \/>\n\t<meta property=\"og:image:height\" content=\"800\" \/>\n\t<meta property=\"og:image:type\" content=\"image\/jpeg\" \/>\n<meta name=\"twitter:card\" content=\"summary_large_image\" \/>\n<meta name=\"twitter:label1\" content=\"Dur\u00e9e de lecture estim\u00e9e\" \/>\n\t<meta name=\"twitter:data1\" content=\"7 minutes\" \/>\n<script type=\"application\/ld+json\" class=\"yoast-schema-graph\">{\"@context\":\"https:\/\/schema.org\",\"@graph\":[{\"@type\":\"WebPage\",\"@id\":\"https:\/\/www.sitemap.caf-fca.org\/fr\/subventions\/\",\"url\":\"https:\/\/www.sitemap.caf-fca.org\/fr\/subventions\/\",\"name\":\"SUBVENTIONS - AIA High Fives For Kids Foundation\",\"isPartOf\":{\"@id\":\"https:\/\/www.uncoupdemainpourlesenfants.com\/en\/#website\"},\"primaryImageOfPage\":{\"@id\":\"https:\/\/www.sitemap.caf-fca.org\/fr\/subventions\/#primaryimage\"},\"image\":{\"@id\":\"https:\/\/www.sitemap.caf-fca.org\/fr\/subventions\/#primaryimage\"},\"thumbnailUrl\":\"https:\/\/aiahighfivesforkids.ca\/wp-content\/uploads\/2018\/05\/HIGH5-Lawn-Kids.jpg\",\"datePublished\":\"2018-05-29T15:02:15+00:00\",\"dateModified\":\"2024-09-23T13:02:41+00:00\",\"breadcrumb\":{\"@id\":\"https:\/\/www.sitemap.caf-fca.org\/fr\/subventions\/#breadcrumb\"},\"inLanguage\":\"fr-FR\",\"potentialAction\":[{\"@type\":\"ReadAction\",\"target\":[\"https:\/\/www.sitemap.caf-fca.org\/fr\/subventions\/\"]}]},{\"@type\":\"ImageObject\",\"inLanguage\":\"fr-FR\",\"@id\":\"https:\/\/www.sitemap.caf-fca.org\/fr\/subventions\/#primaryimage\",\"url\":\"https:\/\/aiahighfivesforkids.ca\/wp-content\/uploads\/2018\/05\/HIGH5-Lawn-Kids.jpg\",\"contentUrl\":\"https:\/\/aiahighfivesforkids.ca\/wp-content\/uploads\/2018\/05\/HIGH5-Lawn-Kids.jpg\",\"width\":2000,\"height\":800},{\"@type\":\"BreadcrumbList\",\"@id\":\"https:\/\/www.sitemap.caf-fca.org\/fr\/subventions\/#breadcrumb\",\"itemListElement\":[{\"@type\":\"ListItem\",\"position\":1,\"name\":\"Home\",\"item\":\"https:\/\/www.uncoupdemainpourlesenfants.com\/en\/\"},{\"@type\":\"ListItem\",\"position\":2,\"name\":\"SUBVENTIONS\"}]},{\"@type\":\"WebSite\",\"@id\":\"https:\/\/www.uncoupdemainpourlesenfants.com\/en\/#website\",\"url\":\"https:\/\/www.uncoupdemainpourlesenfants.com\/en\/\",\"name\":\"AIA High Fives For Kids Foundation\",\"description\":\"\",\"potentialAction\":[{\"@type\":\"SearchAction\",\"target\":{\"@type\":\"EntryPoint\",\"urlTemplate\":\"https:\/\/www.uncoupdemainpourlesenfants.com\/en\/?s={search_term_string}\"},\"query-input\":{\"@type\":\"PropertyValueSpecification\",\"valueRequired\":true,\"valueName\":\"search_term_string\"}}],\"inLanguage\":\"fr-FR\"}]}<\/script>\n<!-- \/ Yoast SEO plugin. -->","yoast_head_json":{"title":"SUBVENTIONS - AIA High Fives For Kids Foundation","robots":{"index":"index","follow":"follow","max-snippet":"max-snippet:-1","max-image-preview":"max-image-preview:large","max-video-preview":"max-video-preview:-1"},"canonical":"https:\/\/www.sitemap.caf-fca.org\/fr\/subventions\/","og_locale":"fr_FR","og_type":"article","og_title":"SUBVENTIONS - AIA High Fives For Kids Foundation","og_description":"Gr\u00e2ce \u00e0 nos divisions locales, nous rejoignons directement les collectivit\u00e9s et leur offrons de l\u2019aide l\u00e0 o\u00f9 c\u2019est n\u00e9cessaire. Sous l\u2019\u00e9gide de membres de l\u2019AIA Canada, la fondation organise plusieurs campagnes de collecte de dons procurant des fonds \u00e0 de plus petits organismes qui pourraient \u00eatre autrement n\u00e9glig\u00e9s. Nous mettons tout en \u0153uvre pour rendre [&hellip;]","og_url":"https:\/\/www.sitemap.caf-fca.org\/fr\/subventions\/","og_site_name":"AIA High Fives For Kids Foundation","article_modified_time":"2024-09-23T13:02:41+00:00","og_image":[{"width":2000,"height":800,"url":"https:\/\/www.sitemap.caf-fca.org\/wp-content\/uploads\/2018\/05\/HIGH5-Lawn-Kids.jpg","type":"image\/jpeg"}],"twitter_card":"summary_large_image","twitter_misc":{"Dur\u00e9e de lecture estim\u00e9e":"7 minutes"},"schema":{"@context":"https:\/\/schema.org","@graph":[{"@type":"WebPage","@id":"https:\/\/www.sitemap.caf-fca.org\/fr\/subventions\/","url":"https:\/\/www.sitemap.caf-fca.org\/fr\/subventions\/","name":"SUBVENTIONS - AIA High Fives For Kids Foundation","isPartOf":{"@id":"https:\/\/www.uncoupdemainpourlesenfants.com\/en\/#website"},"primaryImageOfPage":{"@id":"https:\/\/www.sitemap.caf-fca.org\/fr\/subventions\/#primaryimage"},"image":{"@id":"https:\/\/www.sitemap.caf-fca.org\/fr\/subventions\/#primaryimage"},"thumbnailUrl":"https:\/\/aiahighfivesforkids.ca\/wp-content\/uploads\/2018\/05\/HIGH5-Lawn-Kids.jpg","datePublished":"2018-05-29T15:02:15+00:00","dateModified":"2024-09-23T13:02:41+00:00","breadcrumb":{"@id":"https:\/\/www.sitemap.caf-fca.org\/fr\/subventions\/#breadcrumb"},"inLanguage":"fr-FR","potentialAction":[{"@type":"ReadAction","target":["https:\/\/www.sitemap.caf-fca.org\/fr\/subventions\/"]}]},{"@type":"ImageObject","inLanguage":"fr-FR","@id":"https:\/\/www.sitemap.caf-fca.org\/fr\/subventions\/#primaryimage","url":"https:\/\/aiahighfivesforkids.ca\/wp-content\/uploads\/2018\/05\/HIGH5-Lawn-Kids.jpg","contentUrl":"https:\/\/aiahighfivesforkids.ca\/wp-content\/uploads\/2018\/05\/HIGH5-Lawn-Kids.jpg","width":2000,"height":800},{"@type":"BreadcrumbList","@id":"https:\/\/www.sitemap.caf-fca.org\/fr\/subventions\/#breadcrumb","itemListElement":[{"@type":"ListItem","position":1,"name":"Home","item":"https:\/\/www.uncoupdemainpourlesenfants.com\/en\/"},{"@type":"ListItem","position":2,"name":"SUBVENTIONS"}]},{"@type":"WebSite","@id":"https:\/\/www.uncoupdemainpourlesenfants.com\/en\/#website","url":"https:\/\/www.uncoupdemainpourlesenfants.com\/en\/","name":"AIA High Fives For Kids Foundation","description":"","potentialAction":[{"@type":"SearchAction","target":{"@type":"EntryPoint","urlTemplate":"https:\/\/www.uncoupdemainpourlesenfants.com\/en\/?s={search_term_string}"},"query-input":{"@type":"PropertyValueSpecification","valueRequired":true,"valueName":"search_term_string"}}],"inLanguage":"fr-FR"}]}},"_links":{"self":[{"href":"https:\/\/aiahighfivesforkids.ca\/fr\/wp-json\/wp\/v2\/pages\/498"}],"collection":[{"href":"https:\/\/aiahighfivesforkids.ca\/fr\/wp-json\/wp\/v2\/pages"}],"about":[{"href":"https:\/\/aiahighfivesforkids.ca\/fr\/wp-json\/wp\/v2\/types\/page"}],"author":[{"embeddable":true,"href":"https:\/\/aiahighfivesforkids.ca\/fr\/wp-json\/wp\/v2\/users\/2"}],"replies":[{"embeddable":true,"href":"https:\/\/aiahighfivesforkids.ca\/fr\/wp-json\/wp\/v2\/comments?post=498"}],"version-history":[{"count":32,"href":"https:\/\/aiahighfivesforkids.ca\/fr\/wp-json\/wp\/v2\/pages\/498\/revisions"}],"predecessor-version":[{"id":1326,"href":"https:\/\/aiahighfivesforkids.ca\/fr\/wp-json\/wp\/v2\/pages\/498\/revisions\/1326"}],"wp:featuredmedia":[{"embeddable":true,"href":"https:\/\/aiahighfivesforkids.ca\/fr\/wp-json\/wp\/v2\/media\/336"}],"wp:attachment":[{"href":"https:\/\/aiahighfivesforkids.ca\/fr\/wp-json\/wp\/v2\/media?parent=498"}],"curies":[{"name":"wp","href":"https:\/\/api.w.org\/{rel}","templated":true}]}}