{"id":500,"date":"2018-05-29T11:05:16","date_gmt":"2018-05-29T15:05:16","guid":{"rendered":"https:\/\/highfive.sociationdev.com\/?page_id=500"},"modified":"2025-05-07T08:25:11","modified_gmt":"2025-05-07T12:25:11","slug":"bourses-detudes","status":"publish","type":"page","link":"https:\/\/aiahighfivesforkids.ca\/fr\/bourses-detudes\/","title":{"rendered":"Bourses d&rsquo;\u00e9tudes"},"content":{"rendered":"<p>\u00c0 la Fondation AIA Un coup de main pour les enfants, redonner est au c\u0153ur de notre mission. Gr\u00e2ce aux bourses et au soutien \u00e0 l\u2019\u00e9ducation, nous investissons non seulement dans l\u2019avenir des communaut\u00e9s canadiennes, mais nous renfor\u00e7ons \u00e9galement l\u2019industrie qui est au centre de notre travail.<\/p>\n<p><strong>Chaque ann\u00e9e, des bourses sont remises \u00e0 des \u00e9l\u00e8ves m\u00e9ritants partout au pays. Ces bourses offrent une aide financi\u00e8re aux personnes qui poursuivent des \u00e9tudes postsecondaires, en particulier dans le secteur de l\u2019entretien et de la r\u00e9paration automobile (\u00e9galement connu sous le nom de march\u00e9 secondaire de l\u2019automobile).<\/strong><\/p>\n<p>Nos bourses d\u2019\u00e9tudes sont rendues possibles gr\u00e2ce \u00e0 la g\u00e9n\u00e9rosit\u00e9 de nos partenaires de l\u2019industrie ainsi qu\u2019\u00e0 nos efforts de financement, tels que des tournois de golf, des d\u00eeners de r\u00e9ception et d\u2019autres initiatives. Que ce soit pour encourager les \u00e9l\u00e8ves \u00e0 s\u2019orienter vers les m\u00e9tiers du secteur de l\u2019entretien et de la r\u00e9paration automobile ou pour soutenir les enfants de travailleurs de l\u2019industrie, nos bourses sont con\u00e7ues pour avoir un impact \u00e0 long terme.<\/p>\n<p>Vous trouverez ci-dessous des informations d\u00e9taill\u00e9es sur les bourses actuellement disponibles, chacune ayant ses propres objectifs et crit\u00e8res d\u2019admissibilit\u00e9.<\/p>\n<p><span style=\"color: #ff6600;\"><strong><span style=\"color: #ff6600;\"><a style=\"color: #ff6600;\" href=\"https:\/\/aiahighfivesforkids.ca\/fr\/bourse-detudes-de-la-fondation-un-coup-de-main-pour-les-enfants-de-laia-canada\/\"><u>Bourse d\u2019\u00e9tudes de la Fondation AIA un coup de main pour les enfants<\/u> (1\u00a0000\u00a0$)<\/a><\/span><\/strong><\/span><\/p>\n<p>Bourse annuelle bas\u00e9e sur les r\u00e9sultats scolaires (pas n\u00e9cessairement en lien avec le domaine de l\u2019automobile), les comp\u00e9tences, l\u2019implication parascolaire ou les habilet\u00e9s sp\u00e9ciales. Pour les enfants d\u2019employ\u00e9s des entreprises membres en r\u00e8gle de l\u2019Association des industries de l\u2019automobile du Canada (AIA Canada) (conditions applicables).<br \/>\n<strong>P\u00e9riode de candidature :<\/strong> du 30 juin au 30 septembre de chaque ann\u00e9e<\/p>\n<\/article>\n<p><a href=\"https:\/\/aiahighfivesforkids.ca\/fr\/bourse-detudes-de-la-fondation-de-luniversite-du-marche-secondaire-uofaf\/\"><span style=\"color: #ff6600;\"><strong>Programme de bourse d\u2019\u00e9tudes de l\u2019University of the Aftermarket Foundation (UofAF) (1\u00a0000\u00a0$)<\/strong><\/span><\/a><\/p>\n<p>Bourse annuelle pour les \u00e9l\u00e8ves poursuivant des \u00e9tudes postsecondaires.<br \/>\n<strong>P\u00e9riode de candidature :<\/strong> du 1er janvier au 31 mars de chaque ann\u00e9e<\/p>\n<p><a href=\"https:\/\/aiahighfivesforkids.ca\/fr\/bourses-detudes-arthur-paulin-du-marche-secondaire-de-lautomobile\/\"><strong><span style=\"color: #ff6600;\">Programme de bourse d\u2019\u00e9tudes Arthur Paulin du march\u00e9 secondaire de l\u2019automobile (700\u00a0$)<\/span><\/strong><\/a><\/p>\n<p>Bourse annuelle pour les \u00e9l\u00e8ves qui poursuivent une carri\u00e8re dans l\u2019industrie de l\u2019entretien et de la r\u00e9paration automobile.<br \/>\n<strong>P\u00e9riode de candidature :<\/strong> du 30 juin au 30 septembre de chaque ann\u00e9e<\/p>\n","protected":false},"excerpt":{"rendered":"<p>\u00c0 la Fondation AIA Un coup de main pour les enfants, redonner est au c\u0153ur de notre mission. Gr\u00e2ce aux bourses et au soutien \u00e0 l\u2019\u00e9ducation, nous investissons non seulement dans l\u2019avenir des communaut\u00e9s canadiennes, mais nous renfor\u00e7ons \u00e9galement l\u2019industrie qui est au centre de notre travail. Chaque ann\u00e9e, des bourses sont remises \u00e0 des [&hellip;]<\/p>\n","protected":false},"author":2,"featured_media":434,"parent":0,"menu_order":0,"comment_status":"closed","ping_status":"closed","template":"","meta":{"_acf_changed":false,"_genesis_hide_title":false,"_genesis_hide_breadcrumbs":false,"_genesis_hide_singular_image":false,"_genesis_hide_footer_widgets":false,"_genesis_custom_body_class":"","_genesis_custom_post_class":"","_genesis_layout":"","footnotes":""},"class_list":{"0":"post-500","1":"page","2":"type-page","3":"status-publish","4":"has-post-thumbnail","6":"entry"},"acf":[],"yoast_head":"<!-- This site is optimized with the Yoast SEO plugin v24.4 - https:\/\/yoast.com\/wordpress\/plugins\/seo\/ -->\n<title>Bourses d&#039;\u00e9tudes - AIA High Fives For Kids Foundation<\/title>\n<meta name=\"robots\" content=\"index, follow, max-snippet:-1, max-image-preview:large, max-video-preview:-1\" \/>\n<link rel=\"canonical\" href=\"https:\/\/www.caf-fca.orgwww.caf-fca.org\/fr\/bourses-detudes\/\" \/>\n<meta property=\"og:locale\" content=\"fr_FR\" \/>\n<meta property=\"og:type\" content=\"article\" \/>\n<meta property=\"og:title\" content=\"Bourses d&#039;\u00e9tudes - AIA High Fives For Kids Foundation\" \/>\n<meta property=\"og:description\" content=\"\u00c0 la Fondation AIA Un coup de main pour les enfants, redonner est au c\u0153ur de notre mission. Gr\u00e2ce aux bourses et au soutien \u00e0 l\u2019\u00e9ducation, nous investissons non seulement dans l\u2019avenir des communaut\u00e9s canadiennes, mais nous renfor\u00e7ons \u00e9galement l\u2019industrie qui est au centre de notre travail. Chaque ann\u00e9e, des bourses sont remises \u00e0 des [&hellip;]\" \/>\n<meta property=\"og:url\" content=\"https:\/\/www.caf-fca.orgwww.caf-fca.org\/fr\/bourses-detudes\/\" \/>\n<meta property=\"og:site_name\" content=\"AIA High Fives For Kids Foundation\" \/>\n<meta property=\"article:modified_time\" content=\"2025-05-07T12:25:11+00:00\" \/>\n<meta property=\"og:image\" content=\"https:\/\/www.caf-fca.orgwww.caf-fca.org\/wp-content\/uploads\/2018\/05\/HIGH5-SCHOLARSHIPS.jpg\" \/>\n\t<meta property=\"og:image:width\" content=\"2000\" \/>\n\t<meta property=\"og:image:height\" content=\"800\" \/>\n\t<meta property=\"og:image:type\" content=\"image\/jpeg\" \/>\n<meta name=\"twitter:card\" content=\"summary_large_image\" \/>\n<meta name=\"twitter:label1\" content=\"Dur\u00e9e de lecture estim\u00e9e\" \/>\n\t<meta name=\"twitter:data1\" content=\"2 minutes\" \/>\n<script type=\"application\/ld+json\" class=\"yoast-schema-graph\">{\"@context\":\"https:\/\/schema.org\",\"@graph\":[{\"@type\":\"WebPage\",\"@id\":\"https:\/\/www.caf-fca.orgwww.caf-fca.org\/fr\/bourses-detudes\/\",\"url\":\"https:\/\/www.caf-fca.orgwww.caf-fca.org\/fr\/bourses-detudes\/\",\"name\":\"Bourses d'\u00e9tudes - AIA High Fives For Kids Foundation\",\"isPartOf\":{\"@id\":\"https:\/\/www.uncoupdemainpourlesenfants.com\/en\/#website\"},\"primaryImageOfPage\":{\"@id\":\"https:\/\/www.caf-fca.orgwww.caf-fca.org\/fr\/bourses-detudes\/#primaryimage\"},\"image\":{\"@id\":\"https:\/\/www.caf-fca.orgwww.caf-fca.org\/fr\/bourses-detudes\/#primaryimage\"},\"thumbnailUrl\":\"https:\/\/aiahighfivesforkids.ca\/wp-content\/uploads\/2018\/05\/HIGH5-SCHOLARSHIPS.jpg\",\"datePublished\":\"2018-05-29T15:05:16+00:00\",\"dateModified\":\"2025-05-07T12:25:11+00:00\",\"breadcrumb\":{\"@id\":\"https:\/\/www.caf-fca.orgwww.caf-fca.org\/fr\/bourses-detudes\/#breadcrumb\"},\"inLanguage\":\"fr-FR\",\"potentialAction\":[{\"@type\":\"ReadAction\",\"target\":[\"https:\/\/www.caf-fca.orgwww.caf-fca.org\/fr\/bourses-detudes\/\"]}]},{\"@type\":\"ImageObject\",\"inLanguage\":\"fr-FR\",\"@id\":\"https:\/\/www.caf-fca.orgwww.caf-fca.org\/fr\/bourses-detudes\/#primaryimage\",\"url\":\"https:\/\/aiahighfivesforkids.ca\/wp-content\/uploads\/2018\/05\/HIGH5-SCHOLARSHIPS.jpg\",\"contentUrl\":\"https:\/\/aiahighfivesforkids.ca\/wp-content\/uploads\/2018\/05\/HIGH5-SCHOLARSHIPS.jpg\",\"width\":2000,\"height\":800},{\"@type\":\"BreadcrumbList\",\"@id\":\"https:\/\/www.caf-fca.orgwww.caf-fca.org\/fr\/bourses-detudes\/#breadcrumb\",\"itemListElement\":[{\"@type\":\"ListItem\",\"position\":1,\"name\":\"Home\",\"item\":\"https:\/\/www.uncoupdemainpourlesenfants.com\/en\/\"},{\"@type\":\"ListItem\",\"position\":2,\"name\":\"Bourses d&rsquo;\u00e9tudes\"}]},{\"@type\":\"WebSite\",\"@id\":\"https:\/\/www.uncoupdemainpourlesenfants.com\/en\/#website\",\"url\":\"https:\/\/www.uncoupdemainpourlesenfants.com\/en\/\",\"name\":\"AIA High Fives For Kids Foundation\",\"description\":\"\",\"potentialAction\":[{\"@type\":\"SearchAction\",\"target\":{\"@type\":\"EntryPoint\",\"urlTemplate\":\"https:\/\/www.uncoupdemainpourlesenfants.com\/en\/?s={search_term_string}\"},\"query-input\":{\"@type\":\"PropertyValueSpecification\",\"valueRequired\":true,\"valueName\":\"search_term_string\"}}],\"inLanguage\":\"fr-FR\"}]}<\/script>\n<!-- \/ Yoast SEO plugin. -->","yoast_head_json":{"title":"Bourses d'\u00e9tudes - AIA High Fives For Kids Foundation","robots":{"index":"index","follow":"follow","max-snippet":"max-snippet:-1","max-image-preview":"max-image-preview:large","max-video-preview":"max-video-preview:-1"},"canonical":"https:\/\/www.caf-fca.orgwww.caf-fca.org\/fr\/bourses-detudes\/","og_locale":"fr_FR","og_type":"article","og_title":"Bourses d'\u00e9tudes - AIA High Fives For Kids Foundation","og_description":"\u00c0 la Fondation AIA Un coup de main pour les enfants, redonner est au c\u0153ur de notre mission. Gr\u00e2ce aux bourses et au soutien \u00e0 l\u2019\u00e9ducation, nous investissons non seulement dans l\u2019avenir des communaut\u00e9s canadiennes, mais nous renfor\u00e7ons \u00e9galement l\u2019industrie qui est au centre de notre travail. Chaque ann\u00e9e, des bourses sont remises \u00e0 des [&hellip;]","og_url":"https:\/\/www.caf-fca.orgwww.caf-fca.org\/fr\/bourses-detudes\/","og_site_name":"AIA High Fives For Kids Foundation","article_modified_time":"2025-05-07T12:25:11+00:00","og_image":[{"width":2000,"height":800,"url":"https:\/\/www.caf-fca.orgwww.caf-fca.org\/wp-content\/uploads\/2018\/05\/HIGH5-SCHOLARSHIPS.jpg","type":"image\/jpeg"}],"twitter_card":"summary_large_image","twitter_misc":{"Dur\u00e9e de lecture estim\u00e9e":"2 minutes"},"schema":{"@context":"https:\/\/schema.org","@graph":[{"@type":"WebPage","@id":"https:\/\/www.caf-fca.orgwww.caf-fca.org\/fr\/bourses-detudes\/","url":"https:\/\/www.caf-fca.orgwww.caf-fca.org\/fr\/bourses-detudes\/","name":"Bourses d'\u00e9tudes - AIA High Fives For Kids Foundation","isPartOf":{"@id":"https:\/\/www.uncoupdemainpourlesenfants.com\/en\/#website"},"primaryImageOfPage":{"@id":"https:\/\/www.caf-fca.orgwww.caf-fca.org\/fr\/bourses-detudes\/#primaryimage"},"image":{"@id":"https:\/\/www.caf-fca.orgwww.caf-fca.org\/fr\/bourses-detudes\/#primaryimage"},"thumbnailUrl":"https:\/\/aiahighfivesforkids.ca\/wp-content\/uploads\/2018\/05\/HIGH5-SCHOLARSHIPS.jpg","datePublished":"2018-05-29T15:05:16+00:00","dateModified":"2025-05-07T12:25:11+00:00","breadcrumb":{"@id":"https:\/\/www.caf-fca.orgwww.caf-fca.org\/fr\/bourses-detudes\/#breadcrumb"},"inLanguage":"fr-FR","potentialAction":[{"@type":"ReadAction","target":["https:\/\/www.caf-fca.orgwww.caf-fca.org\/fr\/bourses-detudes\/"]}]},{"@type":"ImageObject","inLanguage":"fr-FR","@id":"https:\/\/www.caf-fca.orgwww.caf-fca.org\/fr\/bourses-detudes\/#primaryimage","url":"https:\/\/aiahighfivesforkids.ca\/wp-content\/uploads\/2018\/05\/HIGH5-SCHOLARSHIPS.jpg","contentUrl":"https:\/\/aiahighfivesforkids.ca\/wp-content\/uploads\/2018\/05\/HIGH5-SCHOLARSHIPS.jpg","width":2000,"height":800},{"@type":"BreadcrumbList","@id":"https:\/\/www.caf-fca.orgwww.caf-fca.org\/fr\/bourses-detudes\/#breadcrumb","itemListElement":[{"@type":"ListItem","position":1,"name":"Home","item":"https:\/\/www.uncoupdemainpourlesenfants.com\/en\/"},{"@type":"ListItem","position":2,"name":"Bourses d&rsquo;\u00e9tudes"}]},{"@type":"WebSite","@id":"https:\/\/www.uncoupdemainpourlesenfants.com\/en\/#website","url":"https:\/\/www.uncoupdemainpourlesenfants.com\/en\/","name":"AIA High Fives For Kids Foundation","description":"","potentialAction":[{"@type":"SearchAction","target":{"@type":"EntryPoint","urlTemplate":"https:\/\/www.uncoupdemainpourlesenfants.com\/en\/?s={search_term_string}"},"query-input":{"@type":"PropertyValueSpecification","valueRequired":true,"valueName":"search_term_string"}}],"inLanguage":"fr-FR"}]}},"_links":{"self":[{"href":"https:\/\/aiahighfivesforkids.ca\/fr\/wp-json\/wp\/v2\/pages\/500"}],"collection":[{"href":"https:\/\/aiahighfivesforkids.ca\/fr\/wp-json\/wp\/v2\/pages"}],"about":[{"href":"https:\/\/aiahighfivesforkids.ca\/fr\/wp-json\/wp\/v2\/types\/page"}],"author":[{"embeddable":true,"href":"https:\/\/aiahighfivesforkids.ca\/fr\/wp-json\/wp\/v2\/users\/2"}],"replies":[{"embeddable":true,"href":"https:\/\/aiahighfivesforkids.ca\/fr\/wp-json\/wp\/v2\/comments?post=500"}],"version-history":[{"count":15,"href":"https:\/\/aiahighfivesforkids.ca\/fr\/wp-json\/wp\/v2\/pages\/500\/revisions"}],"predecessor-version":[{"id":1376,"href":"https:\/\/aiahighfivesforkids.ca\/fr\/wp-json\/wp\/v2\/pages\/500\/revisions\/1376"}],"wp:featuredmedia":[{"embeddable":true,"href":"https:\/\/aiahighfivesforkids.ca\/fr\/wp-json\/wp\/v2\/media\/434"}],"wp:attachment":[{"href":"https:\/\/aiahighfivesforkids.ca\/fr\/wp-json\/wp\/v2\/media?parent=500"}],"curies":[{"name":"wp","href":"https:\/\/api.w.org\/{rel}","templated":true}]}}